{"id":909,"date":"2023-06-23T17:37:03","date_gmt":"2023-06-23T17:37:03","guid":{"rendered":"https:\/\/paulhenrylawns.ca\/?page_id=909"},"modified":"2024-02-22T01:11:43","modified_gmt":"2024-02-22T01:11:43","slug":"awards","status":"publish","type":"page","link":"https:\/\/paulhenrylawns.ca\/fr\/awards\/","title":{"rendered":"D\u00e9cerner"},"content":{"rendered":"<div data-elementor-type=\"wp-page\" data-elementor-id=\"909\" class=\"elementor elementor-909\" data-elementor-post-type=\"page\">\n\t\t\t\t\t\t<section class=\"elementor-section elementor-top-section elementor-element elementor-element-53343f2 elementor-section-boxed elementor-section-height-default elementor-section-height-default wpr-particle-no wpr-jarallax-no wpr-parallax-no wpr-sticky-section-no wpr-equal-height-no\" data-id=\"53343f2\" data-element_type=\"section\" data-e-type=\"section\">\n\t\t\t\t\t\t<div class=\"elementor-container elementor-column-gap-default\">\n\t\t\t\t\t<div class=\"elementor-column elementor-col-100 elementor-top-column elementor-element elementor-element-8481f2a\" data-id=\"8481f2a\" data-element_type=\"column\" data-e-type=\"column\">\n\t\t\t<div class=\"elementor-widget-wrap elementor-element-populated\">\n\t\t\t\t\t\t<div class=\"elementor-element elementor-element-38ba0dd elementor-widget elementor-widget-heading\" data-id=\"38ba0dd\" data-element_type=\"widget\" data-e-type=\"widget\" data-widget_type=\"heading.default\">\n\t\t\t\t<div class=\"elementor-widget-container\">\n\t\t\t\t\t<h2 class=\"elementor-heading-title elementor-size-default\">D\u00e9cerner<\/h2>\t\t\t\t<\/div>\n\t\t\t\t<\/div>\n\t\t\t\t<div class=\"elementor-element elementor-element-87d2527 elementor-widget-divider--view-line elementor-widget elementor-widget-divider\" data-id=\"87d2527\" data-element_type=\"widget\" data-e-type=\"widget\" data-widget_type=\"divider.default\">\n\t\t\t\t<div class=\"elementor-widget-container\">\n\t\t\t\t\t\t\t<div class=\"elementor-divider\">\n\t\t\t<span class=\"elementor-divider-separator\">\n\t\t\t\t\t\t<\/span>\n\t\t<\/div>\n\t\t\t\t\t\t<\/div>\n\t\t\t\t<\/div>\n\t\t\t\t\t<\/div>\n\t\t<\/div>\n\t\t\t\t\t<\/div>\n\t\t<\/section>\n\t\t\t\t<section class=\"elementor-section elementor-top-section elementor-element elementor-element-fb3fc80 elementor-section-boxed elementor-section-height-default elementor-section-height-default wpr-particle-no wpr-jarallax-no wpr-parallax-no wpr-sticky-section-no wpr-equal-height-no\" data-id=\"fb3fc80\" data-element_type=\"section\" data-e-type=\"section\">\n\t\t\t\t\t\t<div class=\"elementor-container elementor-column-gap-default\">\n\t\t\t\t\t<div class=\"elementor-column elementor-col-33 elementor-top-column elementor-element elementor-element-9632416\" data-id=\"9632416\" data-element_type=\"column\" data-e-type=\"column\">\n\t\t\t<div class=\"elementor-widget-wrap elementor-element-populated\">\n\t\t\t\t\t\t<div class=\"elementor-element elementor-element-391a631 elementor-position-top elementor-widget elementor-widget-image-box\" data-id=\"391a631\" data-element_type=\"widget\" data-e-type=\"widget\" id=\"awards\" data-widget_type=\"image-box.default\">\n\t\t\t\t<div class=\"elementor-widget-container\">\n\t\t\t\t\t<div class=\"elementor-image-box-wrapper\"><figure class=\"elementor-image-box-img\"><img fetchpriority=\"high\" decoding=\"async\" width=\"1280\" height=\"899\" src=\"https:\/\/paulhenrylawns.ca\/wp-content\/uploads\/2023\/06\/2022_CBRB.png\" class=\"attachment-full size-full wp-image-917\" alt=\"\" srcset=\"https:\/\/paulhenrylawns.ca\/wp-content\/uploads\/2023\/06\/2022_CBRB.png 1280w, https:\/\/paulhenrylawns.ca\/wp-content\/uploads\/2023\/06\/2022_CBRB-300x211.png 300w, https:\/\/paulhenrylawns.ca\/wp-content\/uploads\/2023\/06\/2022_CBRB-1024x719.png 1024w, https:\/\/paulhenrylawns.ca\/wp-content\/uploads\/2023\/06\/2022_CBRB-768x539.png 768w, https:\/\/paulhenrylawns.ca\/wp-content\/uploads\/2023\/06\/2022_CBRB-18x12.png 18w\" sizes=\"(max-width: 1280px) 100vw, 1280px\" \/><\/figure><div class=\"elementor-image-box-content\"><h3 class=\"elementor-image-box-title\">Meilleurs entrepreneurs g\u00e9n\u00e9raux<br>Au Qu\u00e9bec <\/h3><p class=\"elementor-image-box-description\">2022<\/p><\/div><\/div>\t\t\t\t<\/div>\n\t\t\t\t<\/div>\n\t\t\t\t\t<\/div>\n\t\t<\/div>\n\t\t\t\t<div class=\"elementor-column elementor-col-33 elementor-top-column elementor-element elementor-element-a71009c\" data-id=\"a71009c\" data-element_type=\"column\" data-e-type=\"column\">\n\t\t\t<div class=\"elementor-widget-wrap elementor-element-populated\">\n\t\t\t\t\t\t<div class=\"elementor-element elementor-element-5cab80e elementor-position-top elementor-widget elementor-widget-image-box\" data-id=\"5cab80e\" data-element_type=\"widget\" data-e-type=\"widget\" id=\"awards\" data-widget_type=\"image-box.default\">\n\t\t\t\t<div class=\"elementor-widget-container\">\n\t\t\t\t\t<div class=\"elementor-image-box-wrapper\"><figure class=\"elementor-image-box-img\"><img decoding=\"async\" width=\"334\" height=\"260\" src=\"https:\/\/paulhenrylawns.ca\/wp-content\/uploads\/2023\/08\/The_suburban-e1692834234832.jpg\" class=\"attachment-full size-full wp-image-1161\" alt=\"\" srcset=\"https:\/\/paulhenrylawns.ca\/wp-content\/uploads\/2023\/08\/The_suburban-e1692834234832.jpg 334w, https:\/\/paulhenrylawns.ca\/wp-content\/uploads\/2023\/08\/The_suburban-e1692834234832-300x234.jpg 300w, https:\/\/paulhenrylawns.ca\/wp-content\/uploads\/2023\/08\/The_suburban-e1692834234832-15x12.jpg 15w\" sizes=\"(max-width: 334px) 100vw, 334px\" \/><\/figure><div class=\"elementor-image-box-content\"><h3 class=\"elementor-image-box-title\">The Suburban - Paul Henry Landscaping \u00e9lu meilleur am\u00e9nagement paysager<\/h3><p class=\"elementor-image-box-description\">2022<\/p><\/div><\/div>\t\t\t\t<\/div>\n\t\t\t\t<\/div>\n\t\t\t\t\t<\/div>\n\t\t<\/div>\n\t\t\t\t<div class=\"elementor-column elementor-col-33 elementor-top-column elementor-element elementor-element-7b6d26b\" data-id=\"7b6d26b\" data-element_type=\"column\" data-e-type=\"column\">\n\t\t\t<div class=\"elementor-widget-wrap elementor-element-populated\">\n\t\t\t\t\t\t<div class=\"elementor-element elementor-element-a4c2e6e elementor-position-top elementor-widget elementor-widget-image-box\" data-id=\"a4c2e6e\" data-element_type=\"widget\" data-e-type=\"widget\" id=\"awards\" data-widget_type=\"image-box.default\">\n\t\t\t\t<div class=\"elementor-widget-container\">\n\t\t\t\t\t<div class=\"elementor-image-box-wrapper\"><figure class=\"elementor-image-box-img\"><img decoding=\"async\" width=\"792\" height=\"612\" src=\"https:\/\/paulhenrylawns.ca\/wp-content\/uploads\/2023\/06\/PAUL-HENRY-LANDSCAPING-WIMCC-Member-Certificate_2.png\" class=\"attachment-full size-full wp-image-1095\" alt=\"\" srcset=\"https:\/\/paulhenrylawns.ca\/wp-content\/uploads\/2023\/06\/PAUL-HENRY-LANDSCAPING-WIMCC-Member-Certificate_2.png 792w, https:\/\/paulhenrylawns.ca\/wp-content\/uploads\/2023\/06\/PAUL-HENRY-LANDSCAPING-WIMCC-Member-Certificate_2-300x232.png 300w, https:\/\/paulhenrylawns.ca\/wp-content\/uploads\/2023\/06\/PAUL-HENRY-LANDSCAPING-WIMCC-Member-Certificate_2-768x593.png 768w, https:\/\/paulhenrylawns.ca\/wp-content\/uploads\/2023\/06\/PAUL-HENRY-LANDSCAPING-WIMCC-Member-Certificate_2-16x12.png 16w\" sizes=\"(max-width: 792px) 100vw, 792px\" \/><\/figure><div class=\"elementor-image-box-content\"><h3 class=\"elementor-image-box-title\">Fier WIMCC membre<\/h3><p class=\"elementor-image-box-description\">2022-2023 <\/p><\/div><\/div>\t\t\t\t<\/div>\n\t\t\t\t<\/div>\n\t\t\t\t\t<\/div>\n\t\t<\/div>\n\t\t\t\t\t<\/div>\n\t\t<\/section>\n\t\t\t\t<section class=\"elementor-section elementor-top-section elementor-element elementor-element-c1f6578 elementor-section-boxed elementor-section-height-default elementor-section-height-default wpr-particle-no wpr-jarallax-no wpr-parallax-no wpr-sticky-section-no wpr-equal-height-no\" data-id=\"c1f6578\" data-element_type=\"section\" data-e-type=\"section\">\n\t\t\t\t\t\t<div class=\"elementor-container elementor-column-gap-default\">\n\t\t\t\t\t<div class=\"elementor-column elementor-col-33 elementor-top-column elementor-element elementor-element-497eb25\" data-id=\"497eb25\" data-element_type=\"column\" data-e-type=\"column\">\n\t\t\t<div class=\"elementor-widget-wrap elementor-element-populated\">\n\t\t\t\t\t\t<div class=\"elementor-element elementor-element-b94eb65 elementor-position-top elementor-widget elementor-widget-image-box\" data-id=\"b94eb65\" data-element_type=\"widget\" data-e-type=\"widget\" id=\"awards\" data-widget_type=\"image-box.default\">\n\t\t\t\t<div class=\"elementor-widget-container\">\n\t\t\t\t\t<div class=\"elementor-image-box-wrapper\"><figure class=\"elementor-image-box-img\"><img loading=\"lazy\" decoding=\"async\" width=\"2560\" height=\"1825\" src=\"https:\/\/paulhenrylawns.ca\/wp-content\/uploads\/2023\/06\/fr-paulhenrylandscaping-dollarddesormeaux-scaled.jpg\" class=\"attachment-full size-full wp-image-1086\" alt=\"\" srcset=\"https:\/\/paulhenrylawns.ca\/wp-content\/uploads\/2023\/06\/fr-paulhenrylandscaping-dollarddesormeaux-scaled.jpg 2560w, https:\/\/paulhenrylawns.ca\/wp-content\/uploads\/2023\/06\/fr-paulhenrylandscaping-dollarddesormeaux-300x214.jpg 300w, https:\/\/paulhenrylawns.ca\/wp-content\/uploads\/2023\/06\/fr-paulhenrylandscaping-dollarddesormeaux-1024x730.jpg 1024w, https:\/\/paulhenrylawns.ca\/wp-content\/uploads\/2023\/06\/fr-paulhenrylandscaping-dollarddesormeaux-768x547.jpg 768w, https:\/\/paulhenrylawns.ca\/wp-content\/uploads\/2023\/06\/fr-paulhenrylandscaping-dollarddesormeaux-1536x1095.jpg 1536w, https:\/\/paulhenrylawns.ca\/wp-content\/uploads\/2023\/06\/fr-paulhenrylandscaping-dollarddesormeaux-2048x1460.jpg 2048w, https:\/\/paulhenrylawns.ca\/wp-content\/uploads\/2023\/06\/fr-paulhenrylandscaping-dollarddesormeaux-18x12.jpg 18w\" sizes=\"(max-width: 2560px) 100vw, 2560px\" \/><\/figure><div class=\"elementor-image-box-content\"><h3 class=\"elementor-image-box-title\">Top 3 des meilleures entreprises<\/h3><p class=\"elementor-image-box-description\">2023<\/p><\/div><\/div>\t\t\t\t<\/div>\n\t\t\t\t<\/div>\n\t\t\t\t\t<\/div>\n\t\t<\/div>\n\t\t\t\t<div class=\"elementor-column elementor-col-33 elementor-top-column elementor-element elementor-element-e3b0f70\" data-id=\"e3b0f70\" data-element_type=\"column\" data-e-type=\"column\">\n\t\t\t<div class=\"elementor-widget-wrap elementor-element-populated\">\n\t\t\t\t\t\t<div class=\"elementor-element elementor-element-b623ec6 elementor-position-top elementor-widget elementor-widget-image-box\" data-id=\"b623ec6\" data-element_type=\"widget\" data-e-type=\"widget\" id=\"awards\" data-widget_type=\"image-box.default\">\n\t\t\t\t<div class=\"elementor-widget-container\">\n\t\t\t\t\t<div class=\"elementor-image-box-wrapper\"><figure class=\"elementor-image-box-img\"><img loading=\"lazy\" decoding=\"async\" width=\"792\" height=\"612\" src=\"https:\/\/paulhenrylawns.ca\/wp-content\/uploads\/2023\/06\/GRA_Paul-Henry-Landscaping_2023.png\" class=\"attachment-full size-full wp-image-1090\" alt=\"\" srcset=\"https:\/\/paulhenrylawns.ca\/wp-content\/uploads\/2023\/06\/GRA_Paul-Henry-Landscaping_2023.png 792w, https:\/\/paulhenrylawns.ca\/wp-content\/uploads\/2023\/06\/GRA_Paul-Henry-Landscaping_2023-300x232.png 300w, https:\/\/paulhenrylawns.ca\/wp-content\/uploads\/2023\/06\/GRA_Paul-Henry-Landscaping_2023-768x593.png 768w, https:\/\/paulhenrylawns.ca\/wp-content\/uploads\/2023\/06\/GRA_Paul-Henry-Landscaping_2023-16x12.png 16w\" sizes=\"(max-width: 792px) 100vw, 792px\" \/><\/figure><div class=\"elementor-image-box-content\"><h3 class=\"elementor-image-box-title\">Prix \u200b\u200b\u200b\u200bde reconnaissance mondiale <\/h3><p class=\"elementor-image-box-description\">2023 <\/p><\/div><\/div>\t\t\t\t<\/div>\n\t\t\t\t<\/div>\n\t\t\t\t\t<\/div>\n\t\t<\/div>\n\t\t\t\t<div class=\"elementor-column elementor-col-33 elementor-top-column elementor-element elementor-element-0d9b59d\" data-id=\"0d9b59d\" data-element_type=\"column\" data-e-type=\"column\">\n\t\t\t<div class=\"elementor-widget-wrap elementor-element-populated\">\n\t\t\t\t\t\t<div class=\"elementor-element elementor-element-b079088 elementor-position-top elementor-widget elementor-widget-image-box\" data-id=\"b079088\" data-element_type=\"widget\" data-e-type=\"widget\" id=\"awards\" data-widget_type=\"image-box.default\">\n\t\t\t\t<div class=\"elementor-widget-container\">\n\t\t\t\t\t<div class=\"elementor-image-box-wrapper\"><figure class=\"elementor-image-box-img\"><img loading=\"lazy\" decoding=\"async\" width=\"1926\" height=\"1638\" src=\"https:\/\/paulhenrylawns.ca\/wp-content\/uploads\/2024\/02\/TheSuburban_2023-scaled-e1708564263753.jpg\" class=\"attachment-full size-full wp-image-1928\" alt=\"\" srcset=\"https:\/\/paulhenrylawns.ca\/wp-content\/uploads\/2024\/02\/TheSuburban_2023-scaled-e1708564263753.jpg 1926w, https:\/\/paulhenrylawns.ca\/wp-content\/uploads\/2024\/02\/TheSuburban_2023-scaled-e1708564263753-300x255.jpg 300w, https:\/\/paulhenrylawns.ca\/wp-content\/uploads\/2024\/02\/TheSuburban_2023-scaled-e1708564263753-1024x871.jpg 1024w, https:\/\/paulhenrylawns.ca\/wp-content\/uploads\/2024\/02\/TheSuburban_2023-scaled-e1708564263753-768x653.jpg 768w, https:\/\/paulhenrylawns.ca\/wp-content\/uploads\/2024\/02\/TheSuburban_2023-scaled-e1708564263753-1536x1306.jpg 1536w, https:\/\/paulhenrylawns.ca\/wp-content\/uploads\/2024\/02\/TheSuburban_2023-scaled-e1708564263753-14x12.jpg 14w\" sizes=\"(max-width: 1926px) 100vw, 1926px\" \/><\/figure><div class=\"elementor-image-box-content\"><h3 class=\"elementor-image-box-title\">The Suburban - Paul Henry Landscaping \u00e9lu meilleur am\u00e9nagement paysager<\/h3><p class=\"elementor-image-box-description\">2023 <\/p><\/div><\/div>\t\t\t\t<\/div>\n\t\t\t\t<\/div>\n\t\t\t\t\t<\/div>\n\t\t<\/div>\n\t\t\t\t\t<\/div>\n\t\t<\/section>\n\t\t\t\t<\/div>","protected":false},"excerpt":{"rendered":"<p>Awards CBRB Best General Contractorsin Quebec 2022 The Suburban &#8211; Paul Henry Landscaping voted Best Landscaping 2022 Proud WIMCC Member 2022-2023 Top 3 Best Business Award 2023 Global Recognition Award &#8230;<\/p>","protected":false},"author":1,"featured_media":0,"parent":0,"menu_order":0,"comment_status":"closed","ping_status":"closed","template":"elementor_header_footer","meta":{"footnotes":""},"class_list":["post-909","page","type-page","status-publish","hentry"],"_links":{"self":[{"href":"https:\/\/paulhenrylawns.ca\/fr\/wp-json\/wp\/v2\/pages\/909","targetHints":{"allow":["GET"]}}],"collection":[{"href":"https:\/\/paulhenrylawns.ca\/fr\/wp-json\/wp\/v2\/pages"}],"about":[{"href":"https:\/\/paulhenrylawns.ca\/fr\/wp-json\/wp\/v2\/types\/page"}],"author":[{"embeddable":true,"href":"https:\/\/paulhenrylawns.ca\/fr\/wp-json\/wp\/v2\/users\/1"}],"replies":[{"embeddable":true,"href":"https:\/\/paulhenrylawns.ca\/fr\/wp-json\/wp\/v2\/comments?post=909"}],"version-history":[{"count":76,"href":"https:\/\/paulhenrylawns.ca\/fr\/wp-json\/wp\/v2\/pages\/909\/revisions"}],"predecessor-version":[{"id":1934,"href":"https:\/\/paulhenrylawns.ca\/fr\/wp-json\/wp\/v2\/pages\/909\/revisions\/1934"}],"wp:attachment":[{"href":"https:\/\/paulhenrylawns.ca\/fr\/wp-json\/wp\/v2\/media?parent=909"}],"curies":[{"name":"wp","href":"https:\/\/api.w.org\/{rel}","templated":true}]}}