{"id":13,"date":"2022-04-02T23:51:31","date_gmt":"2022-04-02T23:51:31","guid":{"rendered":"http:\/\/paulhenrylawns.ca\/?page_id=13"},"modified":"2025-05-05T17:04:48","modified_gmt":"2025-05-05T17:04:48","slug":"community","status":"publish","type":"page","link":"https:\/\/paulhenrylawns.ca\/fr\/community\/","title":{"rendered":"Notre communaut\u00e9"},"content":{"rendered":"<div data-elementor-type=\"wp-page\" data-elementor-id=\"13\" class=\"elementor elementor-13\" data-elementor-post-type=\"page\">\n\t\t\t\t\t\t<section class=\"elementor-section elementor-top-section elementor-element elementor-element-061f06f elementor-section-boxed elementor-section-height-default elementor-section-height-default wpr-particle-no wpr-jarallax-no wpr-parallax-no wpr-sticky-section-no wpr-equal-height-no\" data-id=\"061f06f\" data-element_type=\"section\" data-e-type=\"section\">\n\t\t\t\t\t\t<div class=\"elementor-container elementor-column-gap-default\">\n\t\t\t\t\t<div class=\"elementor-column elementor-col-100 elementor-top-column elementor-element elementor-element-f3caca1\" data-id=\"f3caca1\" data-element_type=\"column\" data-e-type=\"column\">\n\t\t\t<div class=\"elementor-widget-wrap elementor-element-populated\">\n\t\t\t\t\t\t<div class=\"elementor-element elementor-element-c0d7a41 elementor-widget elementor-widget-heading\" data-id=\"c0d7a41\" data-element_type=\"widget\" data-e-type=\"widget\" data-widget_type=\"heading.default\">\n\t\t\t\t<div class=\"elementor-widget-container\">\n\t\t\t\t\t<h2 class=\"elementor-heading-title elementor-size-default\"><h2>Notre communaut\u00e9<span style=\"font-family: Roboto, sans-serif;font-size: 2rem\"><\/span><\/h2><\/h2>\t\t\t\t<\/div>\n\t\t\t\t<\/div>\n\t\t\t\t\t<\/div>\n\t\t<\/div>\n\t\t\t\t\t<\/div>\n\t\t<\/section>\n\t\t\t\t<section class=\"elementor-section elementor-top-section elementor-element elementor-element-b6782c8 elementor-section-boxed elementor-section-height-default elementor-section-height-default wpr-particle-no wpr-jarallax-no wpr-parallax-no wpr-sticky-section-no wpr-equal-height-no\" data-id=\"b6782c8\" data-element_type=\"section\" data-e-type=\"section\">\n\t\t\t\t\t\t<div class=\"elementor-container elementor-column-gap-default\">\n\t\t\t\t\t<div class=\"elementor-column elementor-col-100 elementor-top-column elementor-element elementor-element-fa262ff\" data-id=\"fa262ff\" data-element_type=\"column\" data-e-type=\"column\">\n\t\t\t<div class=\"elementor-widget-wrap elementor-element-populated\">\n\t\t\t\t\t\t<div class=\"elementor-element elementor-element-3514fe9 elementor-widget elementor-widget-video\" data-id=\"3514fe9\" data-element_type=\"widget\" data-e-type=\"widget\" data-settings=\"{&quot;youtube_url&quot;:&quot;https:\\\/\\\/www.youtube.com\\\/watch?v=uurmABAe7pc&quot;,&quot;video_type&quot;:&quot;youtube&quot;,&quot;controls&quot;:&quot;yes&quot;}\" data-widget_type=\"video.default\">\n\t\t\t\t<div class=\"elementor-widget-container\">\n\t\t\t\t\t\t\t<div class=\"elementor-wrapper elementor-open-inline\">\n\t\t\t<div class=\"elementor-video\"><\/div>\t\t<\/div>\n\t\t\t\t\t\t<\/div>\n\t\t\t\t<\/div>\n\t\t\t\t\t<\/div>\n\t\t<\/div>\n\t\t\t\t\t<\/div>\n\t\t<\/section>\n\t\t\t\t<section class=\"elementor-section elementor-top-section elementor-element elementor-element-52597cba elementor-section-boxed elementor-section-height-default elementor-section-height-default wpr-particle-no wpr-jarallax-no wpr-parallax-no wpr-sticky-section-no wpr-equal-height-no\" data-id=\"52597cba\" data-element_type=\"section\" data-e-type=\"section\">\n\t\t\t\t\t\t<div class=\"elementor-container elementor-column-gap-default\">\n\t\t\t\t\t<div class=\"elementor-column elementor-col-100 elementor-top-column elementor-element elementor-element-437e910a\" data-id=\"437e910a\" data-element_type=\"column\" data-e-type=\"column\">\n\t\t\t<div class=\"elementor-widget-wrap elementor-element-populated\">\n\t\t\t\t\t\t<div class=\"elementor-element elementor-element-3b7dfae9 elementor-widget elementor-widget-text-editor\" data-id=\"3b7dfae9\" data-element_type=\"widget\" data-e-type=\"widget\" data-widget_type=\"text-editor.default\">\n\t\t\t\t<div class=\"elementor-widget-container\">\n\t\t\t\t\t\t\t\t\t<h2 class=\"wp-block-heading has-text-align-center has-text-color\" style=\"color: #105d47;\">\u00a0<\/h2>\n<p><!-- \/wp:heading --><!-- wp:separator {\"opacity\":\"css\",\"style\":{\"color\":{\"background\":\"#f9d019\"}}} --><\/p>\n<div class=\"wp-block-columns\">\n<div class=\"wp-block-column\">\n<div class=\"wp-block-cover is-light\">\n<p><img fetchpriority=\"high\" decoding=\"async\" width=\"540\" height=\"249\" class=\"wp-block-cover__image-background wp-image-197\" src=\"http:\/\/paulhenrylawns.ca\/wp-content\/uploads\/2022\/04\/community-car.jpg\" alt=\"\" data-object-fit=\"cover\" srcset=\"https:\/\/paulhenrylawns.ca\/wp-content\/uploads\/2022\/04\/community-car.jpg 540w, https:\/\/paulhenrylawns.ca\/wp-content\/uploads\/2022\/04\/community-car-300x138.jpg 300w\" sizes=\"(max-width: 540px) 100vw, 540px\" \/><\/p>\n<div class=\"wp-block-cover__inner-container\">\n<p><!-- wp:paragraph {\"align\":\"center\",\"placeholder\":\"Write title\u2026\",\"fontSize\":\"large\"} --><\/p>\n<p class=\"has-text-align-center has-large-font-size\">\u00a0<\/p>\n<p><!-- \/wp:paragraph --><\/p>\n<\/div>\n<\/div>\n<p><!-- \/wp:cover --><!-- wp:paragraph --><\/p>\n<p><!-- \/wp:paragraph --><!-- wp:paragraph {\"align\":\"center\"} --><\/p>\n<p class=\"has-text-align-center\">Nos unit\u00e9s de service sont constamment pr\u00e9sentes dans les communaut\u00e9s o\u00f9 nous travaillons.<\/p>\n<p><!-- \/wp:paragraph --><\/p>\n<\/div>\n<p><!-- \/wp:column --><\/p>\n<\/div>\n<p><!-- \/wp:columns --><!-- wp:heading {\"textAlign\":\"left\",\"level\":5} --><\/p>\n<h5 class=\"wp-block-heading has-text-align-left\">Engagement avec la s\u00e9curit\u00e9 de la communaut\u00e9<\/h5>\n<p><!-- \/wp:heading --><!-- wp:paragraph {\"align\":\"left\",\"style\":{\"typography\":{\"fontSize\":\"14px\"}}} --><\/p>\n<p class=\"has-text-align-left\" style=\"font-size: 14px;\">Cette ann\u00e9e, nous essaierons de communiquer avec des agences de s\u00e9curit\u00e9 locales, afin de les aider \u00e0 garder nos communaut\u00e9s en s\u00e9curit\u00e9.<br \/>En collaboration avec l'ACOPA (<a href=\"http:\/\/www.acopa.ca\">www.acopa.ca<\/a>) and Community Neighbourhood Watch (<a href=\"http:\/\/www.neighbourhoodprotect.ca\">www.neighbourhoodprotect.ca<\/a>), nos employ\u00e9s sont form\u00e9s afin de garder un oeil pour toute action  susp\u00e8cte et la denoncer aux autorit\u00e9s appropri\u00e9es.<\/p>\n<p><!-- \/wp:paragraph --><!-- wp:spacer {\"height\":\"20px\"} --><\/p>\n<div class=\"wp-block-spacer\" style=\"height: 20px;\" aria-hidden=\"true\">\u00a0<\/div>\n<p><!-- \/wp:spacer --><!-- wp:heading {\"textAlign\":\"left\",\"level\":5} --><\/p>\n<h5 class=\"wp-block-heading has-text-align-left\">commUnity involvement &amp; sponsorship<\/h5>\n<p><!-- \/wp:heading --><!-- wp:paragraph {\"align\":\"left\",\"style\":{\"typography\":{\"fontSize\":\"14px\"}}} --><\/p>\n<p class=\"has-text-align-left\" style=\"font-size: 14px;\">Nous avons d\u00e9velopp\u00e9 un programme de collecte de fonds sp\u00e9cial  que nous pourrions offrir pour aider \u00e0 n'importe quelle organisation non-gouvernementale au service de la communaut\u00e9 qui soit bas\u00e9e dans nos zones de \nservice. Le programme est ouvert \u00e0 des groupes de femmes, des groupes d'\u00e9glise, des clubs pour les a\u00een\u00e9s, des garderies, ou des associations de sport pour les jeunes. Contactez-nous pour plus d'informations.<\/p>\n<p><!-- \/wp:paragraph --><!-- wp:spacer {\"height\":\"20px\"} --><\/p>\n<div class=\"wp-block-spacer\" style=\"height: 20px;\" aria-hidden=\"true\">\u00a0<\/div>\n<p><!-- \/wp:spacer --><!-- wp:heading {\"textAlign\":\"left\",\"level\":5} --><\/p>\n<h5 class=\"wp-block-heading has-text-align-left\">AIDER \u00c0 METTRE FIN \u00c0 L'ITIN\u00c9RANCE<\/h5>\n<p><!-- \/wp:heading --><!-- wp:paragraph {\"align\":\"left\",\"style\":{\"typography\":{\"fontSize\":\"14px\"}}} --><\/p>\n<p class=\"has-text-align-left\" style=\"font-size: 14px;\">Une partie de nos profits seront donn\u00e9s \u00e0 la campagne de Raising the Roof.  Ce group travaille pour cr\u00e9er des solutions \u00e0 long terme afin de r\u00e9soudre le probl\u00e8me de l'itin\u00e9rence au Canada.  Nous participons \u00e0 de nombreuses campagnes de collecte de fonds, comme celle de la Tuque (the Toque campaign):<br \/><a href=\"http:\/\/www.raisingtheroof.org\">www.raisingtheroof.org<\/a><\/p>\n<p><!-- \/wp:paragraph --><\/p>\t\t\t\t\t\t\t\t<\/div>\n\t\t\t\t<\/div>\n\t\t\t\t\t<\/div>\n\t\t<\/div>\n\t\t\t\t\t<\/div>\n\t\t<\/section>\n\t\t\t\t<\/div>","protected":false},"excerpt":{"rendered":"<p>Our Community https:\/\/www.youtube.com\/watch?v=uurmABAe7pc \u00a0 \u00a0 Our service units are constantly present in the communities that we service. commitment to community safety This year we will attempt to reach out to &#8230;<\/p>","protected":false},"author":1,"featured_media":0,"parent":0,"menu_order":0,"comment_status":"closed","ping_status":"closed","template":"template-fullwidth.php","meta":{"footnotes":""},"class_list":["post-13","page","type-page","status-publish","hentry"],"_links":{"self":[{"href":"https:\/\/paulhenrylawns.ca\/fr\/wp-json\/wp\/v2\/pages\/13","targetHints":{"allow":["GET"]}}],"collection":[{"href":"https:\/\/paulhenrylawns.ca\/fr\/wp-json\/wp\/v2\/pages"}],"about":[{"href":"https:\/\/paulhenrylawns.ca\/fr\/wp-json\/wp\/v2\/types\/page"}],"author":[{"embeddable":true,"href":"https:\/\/paulhenrylawns.ca\/fr\/wp-json\/wp\/v2\/users\/1"}],"replies":[{"embeddable":true,"href":"https:\/\/paulhenrylawns.ca\/fr\/wp-json\/wp\/v2\/comments?post=13"}],"version-history":[{"count":29,"href":"https:\/\/paulhenrylawns.ca\/fr\/wp-json\/wp\/v2\/pages\/13\/revisions"}],"predecessor-version":[{"id":3298,"href":"https:\/\/paulhenrylawns.ca\/fr\/wp-json\/wp\/v2\/pages\/13\/revisions\/3298"}],"wp:attachment":[{"href":"https:\/\/paulhenrylawns.ca\/fr\/wp-json\/wp\/v2\/media?parent=13"}],"curies":[{"name":"wp","href":"https:\/\/api.w.org\/{rel}","templated":true}]}}